{"id":1312,"date":"2025-08-16T01:28:49","date_gmt":"2025-08-16T01:28:49","guid":{"rendered":"https:\/\/yogatma.mx\/?page_id=1312"},"modified":"2026-01-10T17:25:53","modified_gmt":"2026-01-10T17:25:53","slug":"ticket-2-dia","status":"publish","type":"page","link":"https:\/\/yogatma.mx\/en\/ticket-2-dia\/","title":{"rendered":"Ticket 2 D\u00edas"},"content":{"rendered":"<div id=\"fws_69f61a93a4e8b\"  data-column-margin=\"default\" data-midnight=\"light\" data-top-percent=\"12%\" data-bottom-percent=\"7%\"  class=\"wpb_row vc_row-fluid vc_row full-width-section vc_row-o-full-height vc_row-o-columns-middle vc_row-o-equal-height vc_row-flex\"  style=\"padding-top: calc(100vw * 0.12); padding-bottom: calc(100vw * 0.07); \"><div class=\"row-bg-wrap\" data-bg-animation=\"none\" data-bg-animation-delay=\"\" data-bg-overlay=\"true\"><div class=\"inner-wrap row-bg-layer using-image\" ><div class=\"row-bg viewport-desktop using-image\"  style=\"background-image: url(https:\/\/yogatma.mx\/wp-content\/uploads\/2025\/08\/azul.jpg); background-position: left top; background-repeat: no-repeat; \"><\/div><\/div><div class=\"row-bg-overlay row-bg-layer\" style=\"background-color:rgba(255,255,255,0.01);  opacity: 0.3; \"><\/div><\/div><div class=\"nectar-shape-divider-wrap\" style=\" height:250px;\"  data-height=\"250\" data-front=\"\" data-style=\"curve\" data-position=\"bottom\" ><svg class=\"nectar-shape-divider\" aria-hidden=\"true\" fill=\"#f8eadc\" xmlns=\"http:\/\/www.w3.org\/2000\/svg\" viewbox=\"0 0 1000 100\" preserveaspectratio=\"none\"> <path d=\"M 0 0 c 0 0 200 50 500 50 s 500 -50 500 -50 v 101 h -1000 v -100 z\"><\/path> <\/svg><\/div><div class=\"row_col_wrap_12 col span_12 light left\">\n\t<div  class=\"vc_col-sm-2 wpb_column column_container vc_column_container col no-extra-padding inherit_tablet inherit_phone\"  data-padding-pos=\"all\" data-has-bg-color=\"false\" data-bg-color=\"\" data-bg-opacity=\"1\" data-animation=\"\" data-delay=\"0\" >\n\t\t<div class=\"vc_column-inner\" >\n\t\t\t<div class=\"wpb_wrapper\">\n\t\t\t\t\n\t\t\t<\/div> \n\t\t<\/div>\n\t<\/div> \n\n\t<div  class=\"vc_col-sm-8 wpb_column column_container vc_column_container col centered-text padding-1-percent inherit_tablet inherit_phone\"  data-padding-pos=\"all\" data-has-bg-color=\"false\" data-bg-color=\"\" data-bg-opacity=\"1\" data-animation=\"\" data-delay=\"0\" >\n\t\t<div class=\"vc_column-inner\" >\n\t\t\t<div class=\"wpb_wrapper\">\n\t\t\t\t<div class=\"img-with-aniamtion-wrap\" data-max-width=\"100%\" data-max-width-mobile=\"default\" data-shadow=\"none\" data-animation=\"none\" >\n      <div class=\"inner\">\n        <div class=\"hover-wrap\"> \n          <div class=\"hover-wrap-inner\">\n            <img loading=\"lazy\" decoding=\"async\" class=\"img-with-animation skip-lazy\" data-delay=\"0\" height=\"879\" width=\"2560\" data-animation=\"none\" src=\"https:\/\/yogatma.mx\/wp-content\/uploads\/2024\/10\/Yogatma-Retreat-logo-blanco-scaled.png\" alt=\"\" srcset=\"https:\/\/yogatma.mx\/wp-content\/uploads\/2024\/10\/Yogatma-Retreat-logo-blanco-scaled.png 2560w, https:\/\/yogatma.mx\/wp-content\/uploads\/2024\/10\/Yogatma-Retreat-logo-blanco-600x206.png 600w, https:\/\/yogatma.mx\/wp-content\/uploads\/2024\/10\/Yogatma-Retreat-logo-blanco-300x103.png 300w, https:\/\/yogatma.mx\/wp-content\/uploads\/2024\/10\/Yogatma-Retreat-logo-blanco-1024x351.png 1024w, https:\/\/yogatma.mx\/wp-content\/uploads\/2024\/10\/Yogatma-Retreat-logo-blanco-768x264.png 768w, https:\/\/yogatma.mx\/wp-content\/uploads\/2024\/10\/Yogatma-Retreat-logo-blanco-1536x527.png 1536w, https:\/\/yogatma.mx\/wp-content\/uploads\/2024\/10\/Yogatma-Retreat-logo-blanco-2048x703.png 2048w\" sizes=\"auto, (max-width: 2560px) 100vw, 2560px\" \/>\n          <\/div>\n        <\/div>\n      <\/div>\n    <\/div><div class=\"nectar-split-heading\" data-align=\"default\" data-m-align=\"inherit\" data-text-effect=\"default\" data-animation-type=\"line-reveal-by-space\" data-animation-delay=\"0\" data-animation-offset=\"\" data-m-rm-animation=\"\" data-stagger=\"\" data-custom-font-size=\"false\" ><h1 >Ticket 2 D\u00edas<\/h1><\/div>\n\t\t\t<\/div> \n\t\t<\/div>\n\t<\/div> \n\n\t<div  class=\"vc_col-sm-2 wpb_column column_container vc_column_container col no-extra-padding inherit_tablet inherit_phone\"  data-padding-pos=\"all\" data-has-bg-color=\"false\" data-bg-color=\"\" data-bg-opacity=\"1\" data-animation=\"\" data-delay=\"0\" >\n\t\t<div class=\"vc_column-inner\" >\n\t\t\t<div class=\"wpb_wrapper\">\n\t\t\t\t\n\t\t\t<\/div> \n\t\t<\/div>\n\t<\/div> \n<\/div><\/div>\n\t\t<div id=\"fws_69f61a93a5a57\"  data-column-margin=\"90px\" data-midnight=\"light\" data-top-percent=\"8%\" data-bottom-percent=\"8%\"  class=\"wpb_row vc_row-fluid vc_row full-width-section vc_row-o-equal-height vc_row-flex vc_row-o-content-middle  top_padding_tablet_15pct bottom_padding_tablet_15pct\"  style=\"padding-top: calc(100vw * 0.08); padding-bottom: calc(100vw * 0.08); \"><div class=\"row-bg-wrap\" data-bg-animation=\"none\" data-bg-animation-delay=\"\" data-bg-overlay=\"false\"><div class=\"inner-wrap row-bg-layer\" ><div class=\"row-bg viewport-desktop using-bg-color\"  style=\"background-color: #f8eadc; \"><\/div><\/div><\/div><div class=\"row_col_wrap_12 col span_12 light left\">\n\t<div  class=\"vc_col-sm-6 wpb_column column_container vc_column_container col no-extra-padding inherit_tablet inherit_phone\"  data-padding-pos=\"all\" data-has-bg-color=\"false\" data-bg-color=\"\" data-bg-opacity=\"1\" data-animation=\"\" data-delay=\"0\" >\n\t\t<div class=\"vc_column-inner\" >\n\t\t\t<div class=\"wpb_wrapper\">\n\t\t\t\t<div class=\"divider-wrap height_tablet_600px height_phone_500px\" data-alignment=\"default\"><div style=\"height: 25px;\" class=\"divider\"><\/div><\/div><div class=\"nectar-highlighted-text\" data-style=\"full_text\" data-exp=\"default\" data-user-color=\"true\" style=\"color: #333333;\" data-using-custom-color=\"false\" data-animation-delay=\"false\" data-color=\"\" data-color-gradient=\"\"><h3 class=\"p1\"><b>Experience a holistic journey for body, mind, and spirit<\/b><\/h3>\n<\/div><div class=\"nectar-fancy-ul\" data-list-icon=\"icon-salient-thin-line\" data-animation=\"false\" data-animation-delay=\"0\" data-color=\"accent-color\" data-spacing=\"default\" data-alignment=\"left\"> \n<p class=\"p1\"><span style=\"color: #333300;\">Our event includes a selection of activities designed to revitalize you and fill you with energy, as well as food for you to enjoy from start to finish:<\/span><\/p>\n<ul>\n<li>\n<p class=\"p1\"><span style=\"color: #333300;\"><span class=\"s1\"><b>Cold plunge<\/b><\/span> in the pool or on the terrace to activate your circulation and strengthen your system.<\/span><\/p>\n<\/li>\n<li>\n<p class=\"p1\"><span style=\"color: #333300;\"><span class=\"s1\"><b>Yoga Nidra<\/b><\/span> at Ananda Shala, a deep guided meditation to restore body and mind.<\/span><\/p>\n<\/li>\n<li>\n<p class=\"p1\"><span style=\"color: #333300;\"><span class=\"s1\"><b>Sound Healing<\/b><\/span> at Shakti Shala, with vibrations and sounds that harmonize your energy.<\/span><\/p>\n<\/li>\n<li>\n<p class=\"p1\"><span style=\"color: #333300;\"><span class=\"s1\"><b>Meditation and Pranayama<\/b><\/span> at Shakti Shala to connect with your breath and find inner calm.<\/span><\/p>\n<\/li>\n<li>\n<p class=\"p1\"><span style=\"color: #333300;\"><span class=\"s1\"><b>Live music<\/b><\/span> to uplift the spirit and create a magical atmosphere.<\/span><\/p>\n<\/li>\n<li>\n<p class=\"p1\"><span style=\"color: #333300;\"><span class=\"s1\"><b>Brunch en Moringa Restaurante<\/b><\/span>, with included foods, delicious and nutritious to close the experience.<\/span><\/p>\n<\/li>\n<\/ul>\n<p class=\"p1\"><span style=\"color: #333300;\">A day to reconnect with yourself and enjoy complete well-being in an inspiring environment.<\/span><\/p>\n <\/div>\n<div class=\"wpb_text_column wpb_content_element\" >\n\t<div class=\"wpb_wrapper\">\n\t\t<p class=\"p1\"><span style=\"color: #333300;\"><i>This does not include accommodation; find out the best option. <\/i><\/span><span style=\"color: #333300;\"><i>for you at our host hotel, <a style=\"color: #333300;\" href=\"https:\/\/yogatma.mx\/en\/hospedaje\/\">CASA TARA<\/a><\/i><\/span><\/p>\n\t<\/div>\n<\/div>\n\n\n\n\n\t\t\t<\/div> \n\t\t<\/div>\n\t<\/div> \n\n\t<div style=\"z-index: 100; \" class=\"vc_col-sm-6 wpb_column column_container vc_column_container col padding-7-percent inherit_tablet inherit_phone\"  data-padding-pos=\"top-bottom\" data-has-bg-color=\"false\" data-bg-color=\"\" data-bg-opacity=\"1\" data-animation=\"\" data-delay=\"0\" >\n\t\t<div class=\"vc_column-inner\" >\n\t\t\t<div class=\"wpb_wrapper\">\n\t\t\t\t<div id=\"fws_69f61a93a5f73\" data-midnight=\"\" data-column-margin=\"default\" class=\"wpb_row vc_row-fluid vc_row inner_row  vc_custom_1732814135837 translate_x_-28pct translate_x_tablet_0pct translate_x_phone_-25pct\"  style=\"\"><div class=\"row-bg-wrap\"> <div class=\"row-bg\" ><\/div> <\/div><div class=\"row_col_wrap_12_inner col span_12  left\">\n\t<div  class=\"vc_col-sm-12 wpb_column column_container vc_column_container col child_column padding-10-percent inherit_tablet inherit_phone\"   data-padding-pos=\"right\" data-has-bg-color=\"false\" data-bg-color=\"\" data-bg-opacity=\"1\" data-animation=\"\" data-delay=\"0\" >\n\t\t<div class=\"vc_column-inner\" >\n\t\t<div class=\"wpb_wrapper\">\n\t\t\t<div class=\"nectar-highlighted-text font_size_7vh\" data-style=\"half_text\" data-exp=\"default\" data-user-color=\"true\" style=\"color: #000000;\" data-using-custom-color=\"true\" data-animation-delay=\"false\" data-color=\"#ff6b30\" data-color-gradient=\"rgba(255,107,48,0.01)\"><h1>$12,000<\/h1>\n<\/div><a class=\"nectar-button large regular accent-color  regular-button\"  role=\"button\" style=\"\"  href=\"https:\/\/api.whatsapp.com\/send\/?phone=5215538028244&amp;text&amp;type=phone_number&amp;app_absent=0\" data-color-override=\"false\" data-hover-color-override=\"false\" data-hover-text-color-override=\"#fff\"><span>Buy now<\/span><\/a>\n<div class=\"wpb_text_column wpb_content_element\" >\n\t<div class=\"wpb_wrapper\">\n\t\t<h6 class=\"p1\"><span style=\"color: #003300;\"><i>A specialized advisor, along<\/i><i>with our teachers, <\/i><i>will accompany you <\/i><i>on your Yogatma journey <\/i><i>from your purchase to <\/i><i>your most basic yoguis questions.<\/i><\/span><\/h6>\n\t<\/div>\n<\/div>\n\n\n\n\n\t\t<\/div> \n\t<\/div>\n\t<\/div> \n<\/div><\/div><div class=\"img-with-aniamtion-wrap\" data-max-width=\"100%\" data-max-width-mobile=\"default\" data-shadow=\"none\" data-animation=\"none\" >\n      <div class=\"inner\">\n        <div class=\"hover-wrap\"> \n          <div class=\"hover-wrap-inner\">\n            <img loading=\"lazy\" decoding=\"async\" class=\"img-with-animation skip-lazy\" data-delay=\"0\" height=\"100\" width=\"100\" data-animation=\"none\" src=\"\" alt=\"\"  \/>\n          <\/div>\n        <\/div>\n      <\/div>\n    <\/div>\n\t\t\t<\/div> \n\t\t<\/div>\n\t<\/div> \n<\/div><\/div>\n\t<div  class=\"vc_col-sm-12 wpb_column column_container vc_column_container col no-extra-padding inherit_tablet inherit_phone\"  data-padding-pos=\"all\" data-has-bg-color=\"false\" data-bg-color=\"\" data-bg-opacity=\"1\" data-animation=\"\" data-delay=\"0\" >\n\t\t<div class=\"vc_column-inner\" >\n\t\t\t<div class=\"wpb_wrapper\">\n\t\t\t\t\n\t\t\t<\/div> \n\t\t<\/div>\n\t<\/div> \n<div class=\"divider-wrap\" data-alignment=\"default\"><div style=\"height: 30px;\" class=\"divider\"><\/div><\/div>\n\t<div  class=\"vc_col-sm-12 wpb_column column_container vc_column_container col child_column no-extra-padding inherit_tablet inherit_phone\"   data-padding-pos=\"all\" data-has-bg-color=\"false\" data-bg-color=\"\" data-bg-opacity=\"1\" data-animation=\"\" data-delay=\"0\" >\n\t\t<div class=\"vc_column-inner\" >\n\t\t<div class=\"wpb_wrapper\">\n\t\t\t\n\t\t<\/div> \n\t<\/div>\n\t<\/div> \n<div class=\"nectar-highlighted-text font_size_64px\" data-style=\"half_text\" data-exp=\"default\" data-using-custom-color=\"true\" data-animation-delay=\"false\" data-color=\"#ff6b30\" data-color-gradient=\"rgba(255,107,48,0.01)\" style=\"\"><\/div>","protected":false},"excerpt":{"rendered":"Ticket 2 D\u00edas Vive una experiencia integral para el cuerpo, la mente y el esp\u00edritu Nuestro evento incluye una selecci\u00f3n de actividades dise\u00f1adas para revitalizarte y llenarte de energ\u00eda, adem\u00e1s...","protected":false},"author":1,"featured_media":0,"parent":0,"menu_order":0,"comment_status":"closed","ping_status":"closed","template":"","meta":{"_joinchat":[],"footnotes":""},"class_list":["post-1312","page","type-page","status-publish"],"_links":{"self":[{"href":"https:\/\/yogatma.mx\/en\/wp-json\/wp\/v2\/pages\/1312","targetHints":{"allow":["GET"]}}],"collection":[{"href":"https:\/\/yogatma.mx\/en\/wp-json\/wp\/v2\/pages"}],"about":[{"href":"https:\/\/yogatma.mx\/en\/wp-json\/wp\/v2\/types\/page"}],"author":[{"embeddable":true,"href":"https:\/\/yogatma.mx\/en\/wp-json\/wp\/v2\/users\/1"}],"replies":[{"embeddable":true,"href":"https:\/\/yogatma.mx\/en\/wp-json\/wp\/v2\/comments?post=1312"}],"version-history":[{"count":4,"href":"https:\/\/yogatma.mx\/en\/wp-json\/wp\/v2\/pages\/1312\/revisions"}],"predecessor-version":[{"id":1367,"href":"https:\/\/yogatma.mx\/en\/wp-json\/wp\/v2\/pages\/1312\/revisions\/1367"}],"wp:attachment":[{"href":"https:\/\/yogatma.mx\/en\/wp-json\/wp\/v2\/media?parent=1312"}],"curies":[{"name":"wp","href":"https:\/\/api.w.org\/{rel}","templated":true}]}}